
{"id":10,"date":"2023-08-01T14:18:31","date_gmt":"2023-08-01T14:18:31","guid":{"rendered":"https:\/\/sai.vn\/member\/register\/"},"modified":"2023-08-06T08:54:53","modified_gmt":"2023-08-06T08:54:53","slug":"register","status":"publish","type":"page","link":"https:\/\/sai.vn\/member\/register\/","title":{"rendered":"\u0110\u0103ng k\u00fd"},"content":{"rendered":"\n<div class=\"um um-register um-3\">\n\n\t<div class=\"um-form\" data-mode=\"register\">\n\n\t\t<form method=\"post\" action=\"\">\n\n\t\t\t<div class=\"um-row _um_row_1 \" style=\"margin: 0 0 30px 0;\"><div class=\"um-col-1\"><div  id=\"um_field_3_last_name\" class=\"um-field um-field-text  um-field-last_name um-field-text um-field-type_text\" data-key=\"last_name\"><div class=\"um-field-label\"><label for=\"last_name-3\">H\u1ecd<\/label><div class=\"um-clear\"><\/div><\/div><div class=\"um-field-area\"><input  autocomplete=\"off\" class=\"um-form-field valid not-required \" type=\"text\" name=\"last_name-3\" id=\"last_name-3\" value=\"\" placeholder=\"V\u00ed d\u1ee5: Nguy\u1ec5n\" data-validate=\"\" data-key=\"last_name\" \/>\n\n\t\t\t\t\t\t<\/div><\/div><div  id=\"um_field_3_first_name\" class=\"um-field um-field-text  um-field-first_name um-field-text um-field-type_text\" data-key=\"first_name\"><div class=\"um-field-label\"><label for=\"first_name-3\">T\u00ean<\/label><div class=\"um-clear\"><\/div><\/div><div class=\"um-field-area\"><input  autocomplete=\"off\" class=\"um-form-field valid not-required \" type=\"text\" name=\"first_name-3\" id=\"first_name-3\" value=\"\" placeholder=\"V\u00ed d\u1ee5: Linh\" data-validate=\"\" data-key=\"first_name\" \/>\n\n\t\t\t\t\t\t<\/div><\/div><div  id=\"um_field_3_user_login\" class=\"um-field um-field-text  um-field-user_login um-field-text um-field-type_text\" data-key=\"user_login\"><div class=\"um-field-label\"><label for=\"user_login-3\">T\u00ean \u0110\u0103ng Nh\u1eadp<span class=\"um-req\" title=\"Required\">*<\/span><\/label><span class=\"um-tip um-tip-w\" title=\"Nh\u1eadp t\u00ean b\u1ea1n mu\u1ed1n d\u00f9ng \u0111\u1ec3 \u0111\u0103ng nh\u1eadp, vd: hai2505\"><i class=\"um-icon-help-circled\"><\/i><\/span><div class=\"um-clear\"><\/div><\/div><div class=\"um-field-area\"><input  autocomplete=\"off\" class=\"um-form-field valid \" type=\"text\" name=\"user_login-3\" id=\"user_login-3\" value=\"\" placeholder=\"V\u00ed d\u1ee5: hai2505\" data-validate=\"unique_username\" data-key=\"user_login\" \/>\n\n\t\t\t\t\t\t<\/div><\/div><div  id=\"um_field_3_user_email\" class=\"um-field um-field-text  um-field-user_email um-field-text um-field-type_text\" data-key=\"user_email\"><div class=\"um-field-label\"><label for=\"user_email-3\">Email<\/label><span class=\"um-tip um-tip-w\" title=\"Nh\u1eadp email c\u1ee7a b\u1ea1n\"><i class=\"um-icon-help-circled\"><\/i><\/span><div class=\"um-clear\"><\/div><\/div><div class=\"um-field-area\"><input  autocomplete=\"off\" class=\"um-form-field valid not-required \" type=\"text\" name=\"user_email-3\" id=\"user_email-3\" value=\"\" placeholder=\"V\u00ed d\u1ee5: nguyenvana@gmail.com\" data-validate=\"unique_email\" data-key=\"user_email\" \/>\n\n\t\t\t\t\t\t<\/div><\/div><div  id=\"um_field_3_user_password\" class=\"um-field um-field-password  um-field-user_password um-field-password um-field-type_password\" data-key=\"user_password\"><div class=\"um-field-label\"><label for=\"user_password-3\">M\u1eadt kh\u1ea9u<span class=\"um-req\" title=\"Required\">*<\/span><\/label><span class=\"um-tip um-tip-w\" title=\"Nh\u1eadp m\u1eadt kh\u1ea9u b\u1ea1n mu\u1ed1n d\u00f9ng \u0111\u1ec3 \u0111\u0103ng nh\u1eadp, vd: hai@2505\"><i class=\"um-icon-help-circled\"><\/i><\/span><div class=\"um-clear\"><\/div><\/div><div class=\"um-field-area\"><div class=\"um-field-area-password\">\n\t\t\t\t\t\t\t\t\t<input class=\"um-form-field valid \" type=\"password\" name=\"user_password-3\" id=\"user_password-3\" value=\"\" placeholder=\"\" data-validate=\"\" data-key=\"user_password\" \/>\n\t\t\t\t\t\t\t\t\t<span class=\"um-toggle-password\"><i class=\"um-icon-eye\"><\/i><\/span>\n\t\t\t\t\t\t\t\t<\/div>\n\t\t\t\t\t\t\t<\/div><\/div><\/div><\/div>\t\t<input type=\"hidden\" name=\"form_id\" id=\"form_id_3\" value=\"3\" \/>\n\t\n\t<p class=\"um_request_name\">\n\t\t<label for=\"um_request_3\">Only fill in if you are not human<\/label>\n\t\t<input type=\"hidden\" name=\"um_request\" id=\"um_request_3\" class=\"input\" value=\"\" size=\"25\" autocomplete=\"off\" \/>\n\t<\/p>\n\n\t<input type=\"hidden\" id=\"_wpnonce\" name=\"_wpnonce\" value=\"8c45447c40\" \/><input type=\"hidden\" name=\"_wp_http_referer\" value=\"\/member\/wp-json\/wp\/v2\/pages\/10\" \/>\n\t<div class=\"um-col-alt\">\n\n\t\t\n\t\t\t<div class=\"um-center\">\n\t\t\t\t<input type=\"submit\" value=\"\u0110\u0103ng k\u00fd\" class=\"um-button\" id=\"um-submit-btn\" \/>\n\t\t\t<\/div>\n\n\t\t\n\t\t<div class=\"um-clear\"><\/div>\n\n\t<\/div>\n\n\t\n\t\t<\/form>\n\n\t<\/div>\n\n<\/div>\n<style>\n\t\t\t.um-3.um {\n\t\t\tmax-width: 450px;\n\t\t}\n\t\t<\/style>\n\n\n    <div class=\"xs_social_share_widget xs_share_url after_content \t\tmain_content  wslu-style-1 wslu-share-box-shaped wslu-fill-colored wslu-none wslu-share-horizontal wslu-theme-font-no wslu-main_content\">\n\n\t\t\n        <ul>\n\t\t\t        <\/ul>\n    <\/div> \n","protected":false},"excerpt":{"rendered":"","protected":false},"author":1,"featured_media":0,"parent":0,"menu_order":0,"comment_status":"closed","ping_status":"closed","template":"","meta":{"inline_featured_image":false},"aioseo_notices":[],"_links":{"self":[{"href":"https:\/\/sai.vn\/member\/wp-json\/wp\/v2\/pages\/10"}],"collection":[{"href":"https:\/\/sai.vn\/member\/wp-json\/wp\/v2\/pages"}],"about":[{"href":"https:\/\/sai.vn\/member\/wp-json\/wp\/v2\/types\/page"}],"author":[{"embeddable":true,"href":"https:\/\/sai.vn\/member\/wp-json\/wp\/v2\/users\/1"}],"replies":[{"embeddable":true,"href":"https:\/\/sai.vn\/member\/wp-json\/wp\/v2\/comments?post=10"}],"version-history":[{"count":1,"href":"https:\/\/sai.vn\/member\/wp-json\/wp\/v2\/pages\/10\/revisions"}],"predecessor-version":[{"id":75,"href":"https:\/\/sai.vn\/member\/wp-json\/wp\/v2\/pages\/10\/revisions\/75"}],"wp:attachment":[{"href":"https:\/\/sai.vn\/member\/wp-json\/wp\/v2\/media?parent=10"}],"curies":[{"name":"wp","href":"https:\/\/api.w.org\/{rel}","templated":true}]}}